{"id":31,"date":"2024-10-08T16:23:03","date_gmt":"2024-10-08T16:23:03","guid":{"rendered":"https:\/\/comunidadprais.cl\/?page_id=31"},"modified":"2026-01-02T19:25:05","modified_gmt":"2026-01-02T19:25:05","slug":"inicio","status":"publish","type":"page","link":"https:\/\/comunidadprais.cl\/","title":{"rendered":"Inicio"},"content":{"rendered":"<p>[et_pb_section fb_built=\u00bb1&#8243; _builder_version=\u00bb4.27.2&#8243; _module_preset=\u00bbdefault\u00bb background_image=\u00bbhttps:\/\/comunidadprais.cl\/wp-content\/uploads\/2024\/10\/boton-2.jpg\u00bb global_colors_info=\u00bb{}\u00bb][et_pb_row _builder_version=\u00bb4.27.2&#8243; _module_preset=\u00bbdefault\u00bb global_colors_info=\u00bb{}\u00bb][et_pb_column type=\u00bb4_4&#8243; _builder_version=\u00bb4.27.2&#8243; _module_preset=\u00bbdefault\u00bb global_colors_info=\u00bb{}\u00bb][et_pb_text _builder_version=\u00bb4.27.2&#8243; _module_preset=\u00bbdefault\u00bb text_text_color=\u00bb#FFFFFF\u00bb text_font_size=\u00bb16px\u00bb text_orientation=\u00bbcenter\u00bb custom_margin_tablet=\u00bb\u00bb custom_margin_phone=\u00bb86px||||false|false\u00bb custom_margin_last_edited=\u00bbon|phone\u00bb global_colors_info=\u00bb{}\u00bb]<\/p>\n<p><strong>Aspiramos que este proyecto sea un espacio virtual en el que vayamos constituy\u00e9ndonos como comunidad a nivel nacional, apoy\u00e1ndonos mutuamente y dando a conocer nuestras actividades, proyectos y necesidades.<\/strong><\/p>\n<p>[\/et_pb_text][et_pb_slider _builder_version=\u00bb4.27.2&#8243; _module_preset=\u00bbdefault\u00bb header_font=\u00bb|700|||||||\u00bb use_background_color_gradient=\u00bbon\u00bb background_color_gradient_stops=\u00bbrgba(19,26,99,0.65) 0%|rgba(41,196,169,0.33) 100%\u00bb background_color_gradient_overlays_image=\u00bbon\u00bb background_image=\u00bbhttps:\/\/comunidadprais.cl\/wp-content\/uploads\/2024\/10\/NUEVE.jpg\u00bb height=\u00bb373px\u00bb height_tablet=\u00bb373px\u00bb height_phone=\u00bb538px\u00bb height_last_edited=\u00bbon|phone\u00bb max_height=\u00bb1000px\u00bb custom_padding=\u00bb114px|||||\u00bb header_text_shadow_style=\u00bbpreset1&#8243; global_colors_info=\u00bb{}\u00bb][et_pb_slide heading=\u00bbINVITACION\u00bb button_text=\u00bbReg\u00edstrate\u00bb button_link=\u00bbhttps:\/\/comunidadprais.cl\/#registro\u00bb _builder_version=\u00bb4.27.2&#8243; _module_preset=\u00bbdefault\u00bb global_colors_info=\u00bb{}\u00bb sticky_transition=\u00bbon\u00bb]<\/p>\n<p><strong>Hacemos un llamado e invitamos a todas las organizaciones de usuarios y usuarias PRAIS a nivel nacional y tambi\u00e9n directamente a los y las compa\u00f1eros(as) usuarios(as) que se quieran sumar a este proyecto, a darle forma y contenido a la p\u00e1gina web <\/strong><span style=\"color: #ffff00;\"><a href=\"https:\/\/comunidadprais.cl\" style=\"color: #ffff00;\"><strong>www.comunidadprais.cl<\/strong><\/a><\/span><strong><span style=\"color: #ffff00;\">,<\/span>\u00a0<\/strong><\/p>\n<p>[\/et_pb_slide][et_pb_slide heading=\u00bbINVITACION\u00bb button_text=\u00bbReg\u00edstrate\u00bb button_link=\u00bbhttps:\/\/comunidadprais.cl\/#registro\u00bb _builder_version=\u00bb4.27.2&#8243; _module_preset=\u00bbdefault\u00bb background_image=\u00bbhttps:\/\/comunidadprais.cl\/wp-content\/uploads\/2024\/10\/cuatro.jpg\u00bb background_enable_image=\u00bbon\u00bb global_colors_info=\u00bb{}\u00bb sticky_transition=\u00bbon\u00bb]<\/p>\n<p><strong>Hacemos un llamado e invitamos a todas las organizaciones de usuarios y usuarias PRAIS a nivel nacional y tambi\u00e9n directamente a los y las compa\u00f1eros(as) usuarios(as) que se quieran sumar a este proyecto, a darle forma y contenido a la p\u00e1gina web <\/strong><span style=\"color: #ffff00;\"><a href=\"https:\/\/comunidadprais.cl\" style=\"color: #ffff00;\"><strong>www.comunidadprais.cl<\/strong><\/a><\/span><strong><span style=\"color: #ffff00;\">,<\/span>\u00a0<\/strong><\/p>\n<p>[\/et_pb_slide][et_pb_slide heading=\u00bbINVITACION\u00bb button_text=\u00bbReg\u00edstrate\u00bb button_link=\u00bbhttps:\/\/comunidadprais.cl\/#registro\u00bb _builder_version=\u00bb4.27.2&#8243; _module_preset=\u00bbdefault\u00bb background_image=\u00bbhttps:\/\/comunidadprais.cl\/wp-content\/uploads\/2024\/10\/cinco-red.jpg\u00bb background_enable_image=\u00bbon\u00bb global_colors_info=\u00bb{}\u00bb sticky_transition=\u00bbon\u00bb]<\/p>\n<p><strong>Hacemos un llamado e invitamos a todas las organizaciones de usuarios y usuarias PRAIS a nivel nacional y tambi\u00e9n directamente a los y las compa\u00f1eros(as) usuarios(as) que se quieran sumar a este proyecto, a darle forma y contenido a la p\u00e1gina web <\/strong><span style=\"color: #ffff00;\"><a href=\"https:\/\/comunidadprais.cl\" style=\"color: #ffff00;\"><strong>www.comunidadprais.cl<\/strong><\/a><\/span><strong><span style=\"color: #ffff00;\">,<\/span>\u00a0<\/strong><\/p>\n<p>[\/et_pb_slide][et_pb_slide heading=\u00bbINVITACION\u00bb button_text=\u00bbReg\u00edstrate\u00bb button_link=\u00bbhttps:\/\/comunidadprais.cl\/#registro\u00bb _builder_version=\u00bb4.27.2&#8243; _module_preset=\u00bbdefault\u00bb background_image=\u00bbhttps:\/\/comunidadprais.cl\/wp-content\/uploads\/2024\/10\/seis.jpg\u00bb background_enable_image=\u00bbon\u00bb global_colors_info=\u00bb{}\u00bb sticky_transition=\u00bbon\u00bb]<\/p>\n<p><strong>Hacemos un llamado e invitamos a todas las organizaciones de usuarios y usuarias PRAIS a nivel nacional y tambi\u00e9n directamente a los y las compa\u00f1eros(as) usuarios(as) que se quieran sumar a este proyecto, a darle forma y contenido a la p\u00e1gina web <\/strong><span style=\"color: #ffff00;\"><a href=\"https:\/\/comunidadprais.cl\" style=\"color: #ffff00;\"><strong>www.comunidadprais.cl<\/strong><\/a><\/span><strong><span style=\"color: #ffff00;\">,<\/span>\u00a0<\/strong><\/p>\n<p>[\/et_pb_slide][et_pb_slide heading=\u00bbINVITACION\u00bb button_text=\u00bbReg\u00edstrate\u00bb button_link=\u00bbhttps:\/\/comunidadprais.cl\/#registro\u00bb _builder_version=\u00bb4.27.2&#8243; _module_preset=\u00bbdefault\u00bb background_image=\u00bbhttps:\/\/comunidadprais.cl\/wp-content\/uploads\/2024\/10\/shutterstock_310506-2-scaled.jpg\u00bb background_enable_image=\u00bbon\u00bb global_colors_info=\u00bb{}\u00bb sticky_transition=\u00bbon\u00bb]<\/p>\n<p><strong>Hacemos un llamado e invitamos a todas las organizaciones de usuarios y usuarias PRAIS a nivel nacional y tambi\u00e9n directamente a los y las compa\u00f1eros(as) usuarios(as) que se quieran sumar a este proyecto, a darle forma y contenido a la p\u00e1gina web <\/strong><span style=\"color: #ffff00;\"><a href=\"https:\/\/comunidadprais.cl\" style=\"color: #ffff00;\"><strong>www.comunidadprais.cl<\/strong><\/a><\/span><strong><span style=\"color: #ffff00;\">,<\/span>\u00a0<\/strong><\/p>\n<p>[\/et_pb_slide][et_pb_slide heading=\u00bbINVITACION\u00bb button_text=\u00bbReg\u00edstrate\u00bb button_link=\u00bbhttps:\/\/comunidadprais.cl\/#registro\u00bb _builder_version=\u00bb4.27.2&#8243; _module_preset=\u00bbdefault\u00bb background_image=\u00bbhttps:\/\/comunidadprais.cl\/wp-content\/uploads\/2024\/10\/siete.jpg\u00bb background_enable_image=\u00bbon\u00bb global_colors_info=\u00bb{}\u00bb sticky_transition=\u00bbon\u00bb]<\/p>\n<p><strong>Hacemos un llamado e invitamos a todas las organizaciones de usuarios y usuarias PRAIS a nivel nacional y tambi\u00e9n directamente a los y las compa\u00f1eros(as) usuarios(as) que se quieran sumar a este proyecto, a darle forma y contenido a la p\u00e1gina web <\/strong><span style=\"color: #ffff00;\"><a href=\"https:\/\/comunidadprais.cl\" style=\"color: #ffff00;\"><strong>www.comunidadprais.cl<\/strong><\/a><\/span><strong><span style=\"color: #ffff00;\">,<\/span>\u00a0<\/strong><\/p>\n<p>[\/et_pb_slide][et_pb_slide heading=\u00bbINVITACION\u00bb button_text=\u00bbReg\u00edstrate\u00bb button_link=\u00bbhttps:\/\/comunidadprais.cl\/#registro\u00bb _builder_version=\u00bb4.27.2&#8243; _module_preset=\u00bbdefault\u00bb background_image=\u00bbhttps:\/\/comunidadprais.cl\/wp-content\/uploads\/2024\/10\/diez.jpg\u00bb background_enable_image=\u00bbon\u00bb global_colors_info=\u00bb{}\u00bb sticky_transition=\u00bbon\u00bb]<\/p>\n<p><strong>Hacemos un llamado e invitamos a todas las organizaciones de usuarios y usuarias PRAIS a nivel nacional y tambi\u00e9n directamente a los y las compa\u00f1eros(as) usuarios(as) que se quieran sumar a este proyecto, a darle forma y contenido a la p\u00e1gina web <\/strong><span style=\"color: #ffff00;\"><a href=\"https:\/\/comunidadprais.cl\" style=\"color: #ffff00;\"><strong>www.comunidadprais.cl<\/strong><\/a><\/span><strong><span style=\"color: #ffff00;\">,<\/span>\u00a0<\/strong><\/p>\n<p>[\/et_pb_slide][\/et_pb_slider][\/et_pb_column][\/et_pb_row][et_pb_row _builder_version=\u00bb4.27.2&#8243; _module_preset=\u00bbdefault\u00bb background_color=\u00bbrgba(255,255,255,0.82)\u00bb border_radii=\u00bbon|6px|6px|6px|6px\u00bb border_width_all=\u00bb6px\u00bb border_color_all=\u00bb#071593&#8243; global_colors_info=\u00bb{}\u00bb][et_pb_column type=\u00bb4_4&#8243; _builder_version=\u00bb4.27.2&#8243; _module_preset=\u00bbdefault\u00bb global_colors_info=\u00bb{}\u00bb][et_pb_text _builder_version=\u00bb4.27.2&#8243; _module_preset=\u00bbdefault\u00bb text_font=\u00bb|800|||||||\u00bb text_text_color=\u00bb#080363&#8243; text_font_size=\u00bb27px\u00bb text_orientation=\u00bbcenter\u00bb custom_margin=\u00bb||27px|||\u00bb global_colors_info=\u00bb{}\u00bb]<\/p>\n<p>COMUNICADO N\u00b01<\/p>\n<p>[\/et_pb_text][et_pb_text _builder_version=\u00bb4.27.2&#8243; _module_preset=\u00bbdefault\u00bb text_text_color=\u00bb#000000&#8243; text_font_size=\u00bb20px\u00bb text_orientation=\u00bbcenter\u00bb custom_margin=\u00bb|33px||33px|false|false\u00bb custom_padding=\u00bb0px||||false|false\u00bb text_font_size_tablet=\u00bb20px\u00bb text_font_size_phone=\u00bb14px\u00bb text_font_size_last_edited=\u00bbon|phone\u00bb global_colors_info=\u00bb{}\u00bb]<\/p>\n<p><a href=\"https:\/\/comunidadprais.cl\/?p=82\"><span style=\"text-decoration: underline;\"><b>VER DOCUMENTO: CAMBIO EN LA NORMA TECNICA PRAIS<\/b><\/span><\/a><\/p>\n<p>[\/et_pb_text][\/et_pb_column][\/et_pb_row][et_pb_row _builder_version=\u00bb4.27.2&#8243; _module_preset=\u00bbdefault\u00bb background_color=\u00bbrgba(255,255,255,0.82)\u00bb custom_margin=\u00bb51px||||false|false\u00bb border_radii=\u00bbon|6px|6px|6px|6px\u00bb border_width_all=\u00bb6px\u00bb border_color_all=\u00bb#071593&#8243; global_colors_info=\u00bb{}\u00bb][et_pb_column type=\u00bb4_4&#8243; _builder_version=\u00bb4.27.2&#8243; _module_preset=\u00bbdefault\u00bb global_colors_info=\u00bb{}\u00bb][et_pb_text _builder_version=\u00bb4.27.2&#8243; _module_preset=\u00bbdefault\u00bb text_font=\u00bb|800|||||||\u00bb text_text_color=\u00bb#080363&#8243; text_font_size=\u00bb33px\u00bb text_orientation=\u00bbcenter\u00bb custom_margin=\u00bb||27px|||\u00bb global_colors_info=\u00bb{}\u00bb]<\/p>\n<p>QUIENES SOMOS<\/p>\n<p>[\/et_pb_text][et_pb_text _builder_version=\u00bb4.27.2&#8243; _module_preset=\u00bbdefault\u00bb text_text_color=\u00bb#000000&#8243; text_font_size=\u00bb20px\u00bb text_orientation=\u00bbcenter\u00bb custom_margin=\u00bb|33px||33px|false|false\u00bb custom_padding=\u00bb0px||||false|false\u00bb text_font_size_tablet=\u00bb20px\u00bb text_font_size_phone=\u00bb14px\u00bb text_font_size_last_edited=\u00bbon|phone\u00bb global_colors_info=\u00bb{}\u00bb]<\/p>\n<p><strong>Los convocantes somos un grupo de usuari@s PRAIS de Santiago Oriente, quienes ante la ausencia de espacios de encuentro de l@s usuari@s PRAIS a nivel nacional, decidimos crear un espacio virtual propio, en el que tengamos voz y podamos participar todas las organizaciones y usuari@s PRAIS a nivel nacional.<\/strong><\/p>\n<p>[\/et_pb_text][\/et_pb_column][\/et_pb_row][\/et_pb_section][et_pb_section fb_built=\u00bb1&#8243; _builder_version=\u00bb4.27.2&#8243; _module_preset=\u00bbdefault\u00bb background_image=\u00bbhttps:\/\/comunidadprais.cl\/wp-content\/uploads\/2024\/10\/siete-copia-scaled.jpg\u00bb global_colors_info=\u00bb{}\u00bb][et_pb_row _builder_version=\u00bb4.27.2&#8243; _module_preset=\u00bbdefault\u00bb background_color=\u00bbrgba(255,255,255,0.82)\u00bb border_radii=\u00bbon|6px|6px|6px|6px\u00bb border_width_all=\u00bb6px\u00bb border_color_all=\u00bb#071593&#8243; global_colors_info=\u00bb{}\u00bb][et_pb_column type=\u00bb4_4&#8243; _builder_version=\u00bb4.27.2&#8243; _module_preset=\u00bbdefault\u00bb global_colors_info=\u00bb{}\u00bb][et_pb_text _builder_version=\u00bb4.27.2&#8243; _module_preset=\u00bbdefault\u00bb text_font=\u00bb|800|||||||\u00bb text_text_color=\u00bb#080363&#8243; text_font_size=\u00bb33px\u00bb text_orientation=\u00bbcenter\u00bb custom_margin=\u00bb||27px|||\u00bb global_colors_info=\u00bb{}\u00bb]<\/p>\n<p>INSCRIPCI\u00d3N<\/p>\n<p>[\/et_pb_text][et_pb_text _builder_version=\u00bb4.27.2&#8243; _module_preset=\u00bbdefault\u00bb text_text_color=\u00bb#000000&#8243; text_font_size=\u00bb20px\u00bb text_orientation=\u00bbcenter\u00bb custom_margin=\u00bb|33px||33px|false|false\u00bb custom_padding=\u00bb0px||||false|false\u00bb text_font_size_tablet=\u00bb20px\u00bb text_font_size_phone=\u00bb14px\u00bb text_font_size_last_edited=\u00bbon|phone\u00bb global_colors_info=\u00bb{}\u00bb]<\/p>\n<p><strong>La primera tarea a la que convocamos es a inscribirse como organizaciones y como usuari@s para hacerse parte de este proyecto.\u00a0 As\u00ed iremos conformando una base de datos a nivel nacional la que publicaremos en la p\u00e1gina web, crearemos un grupo de whatsapp, etc.\u00a0 Para esto les pedimos que completen el formulario que se adjunta.<\/strong><\/p>\n<p>[\/et_pb_text][et_pb_button button_url=\u00bbhttps:\/\/comunidadprais.cl\/#registro\u00bb button_text=\u00bbReg\u00edstrate\u00bb button_alignment=\u00bbcenter\u00bb _builder_version=\u00bb4.27.2&#8243; _module_preset=\u00bbdefault\u00bb custom_button=\u00bbon\u00bb button_text_color=\u00bb#000000&#8243; global_colors_info=\u00bb{}\u00bb][\/et_pb_button][et_pb_text _builder_version=\u00bb4.27.2&#8243; _module_preset=\u00bbdefault\u00bb text_font=\u00bb|700|||||||\u00bb text_text_color=\u00bb#000000&#8243; text_font_size=\u00bb18px\u00bb text_orientation=\u00bbcenter\u00bb global_colors_info=\u00bb{}\u00bb]<\/p>\n<p>correo de contacto: <a href=\"mailto:comunidadprais@gmail.com\">comunidadprais@gmail.com<\/a><\/p>\n<p>Whatsapp Comunidad\u00a0 \u00a0 \u00a0+569 20 56 5733<\/p>\n<p>[\/et_pb_text][\/et_pb_column][\/et_pb_row][\/et_pb_section][et_pb_section fb_built=\u00bb1&#8243; _builder_version=\u00bb4.27.2&#8243; _module_preset=\u00bbdefault\u00bb background_image=\u00bbhttps:\/\/comunidadprais.cl\/wp-content\/uploads\/2024\/10\/Imagen2.jpg\u00bb global_colors_info=\u00bb{}\u00bb][et_pb_row _builder_version=\u00bb4.27.2&#8243; _module_preset=\u00bbdefault\u00bb background_color=\u00bbrgba(255,255,255,0.82)\u00bb border_radii=\u00bbon|6px|6px|6px|6px\u00bb border_width_all=\u00bb6px\u00bb border_color_all=\u00bb#071593&#8243; global_colors_info=\u00bb{}\u00bb][et_pb_column type=\u00bb4_4&#8243; _builder_version=\u00bb4.27.2&#8243; _module_preset=\u00bbdefault\u00bb global_colors_info=\u00bb{}\u00bb][et_pb_text _builder_version=\u00bb4.27.2&#8243; _module_preset=\u00bbdefault\u00bb text_font=\u00bb|700|||||||\u00bb text_text_color=\u00bb#080363&#8243; text_font_size=\u00bb33px\u00bb text_orientation=\u00bbcenter\u00bb custom_margin=\u00bb||27px|||\u00bb text_font_size_tablet=\u00bb33px\u00bb text_font_size_phone=\u00bb22px\u00bb text_font_size_last_edited=\u00bbon|phone\u00bb global_colors_info=\u00bb{}\u00bb]<\/p>\n<p><strong>ARMANDO EL BORRADOR COLECTIVAMENTE<\/strong><\/p>\n<p>[\/et_pb_text][et_pb_text _builder_version=\u00bb4.27.2&#8243; _module_preset=\u00bbdefault\u00bb text_text_color=\u00bb#000000&#8243; text_font_size=\u00bb20px\u00bb text_orientation=\u00bbcenter\u00bb custom_margin=\u00bb|33px||33px|false|false\u00bb custom_padding=\u00bb0px||||false|false\u00bb text_font_size_tablet=\u00bb20px\u00bb text_font_size_phone=\u00bb14px\u00bb text_font_size_last_edited=\u00bbon|phone\u00bb global_colors_info=\u00bb{}\u00bb]<\/p>\n<p><strong>La segunda tarea a la que les convocamos es a enviarnos ideas tanto de forma como de contenido, para ir armando esta p\u00e1gina web colectivamente: Secciones que debiera incluir (Actividades de los usuari@s, Memoria y DD.HH, Actualidad, Actividades del PRAIS, etc.), ideas para organizar y presentar la informaci\u00f3n (por regiones, por organizaciones, etc.), necesidades urgentes de resolver, proyectos conjuntos a implementar, etc.<\/strong><\/p>\n<p>[\/et_pb_text][\/et_pb_column][\/et_pb_row][\/et_pb_section][et_pb_section fb_built=\u00bb1&#8243; _builder_version=\u00bb4.27.2&#8243; _module_preset=\u00bbdefault\u00bb background_image=\u00bbhttps:\/\/comunidadprais.cl\/wp-content\/uploads\/2024\/10\/boton-2.jpg\u00bb global_colors_info=\u00bb{}\u00bb][et_pb_row _builder_version=\u00bb4.27.2&#8243; _module_preset=\u00bbdefault\u00bb global_colors_info=\u00bb{}\u00bb][et_pb_column type=\u00bb4_4&#8243; _builder_version=\u00bb4.27.2&#8243; _module_preset=\u00bbdefault\u00bb global_colors_info=\u00bb{}\u00bb][et_pb_code _builder_version=\u00bb4.27.2&#8243; _module_preset=\u00bbdefault\u00bb global_colors_info=\u00bb{}\u00bb]<iframe src=\"https:\/\/comunidadprais.cl\/wp-content\/uploads\/2025\/07\/BASES-CONVOCATORIA-ABIERTA-DE-RELATOS-03-07-2025.pdf\"height=1200px\"<!-- [et_pb_line_break_holder] -->width=\u00bb100%\u00bb><\/iframe><!-- [et_pb_line_break_holder] -->[\/et_pb_code][\/et_pb_column][\/et_pb_row][\/et_pb_section][et_pb_section fb_built=\u00bb1&#8243; _builder_version=\u00bb4.27.2&#8243; _module_preset=\u00bbdefault\u00bb background_image=\u00bbhttps:\/\/comunidadprais.cl\/wp-content\/uploads\/2024\/10\/Imagen2.jpg\u00bb global_colors_info=\u00bb{}\u00bb][et_pb_row use_custom_gutter=\u00bbon\u00bb gutter_width=\u00bb4&#8243; module_id=\u00bbregistro\u00bb _builder_version=\u00bb4.27.2&#8243; _module_preset=\u00bbdefault\u00bb background_color=\u00bbrgba(255,255,255,0.82)\u00bb width_tablet=\u00bb\u00bb width_phone=\u00bb100%\u00bb width_last_edited=\u00bbon|phone\u00bb max_width=\u00bb1327px\u00bb border_radii=\u00bbon|6px|6px|6px|6px\u00bb border_width_all=\u00bb6px\u00bb border_color_all=\u00bb#071593&#8243; global_colors_info=\u00bb{}\u00bb][et_pb_column type=\u00bb4_4&#8243; _builder_version=\u00bb4.27.2&#8243; _module_preset=\u00bbdefault\u00bb global_colors_info=\u00bb{}\u00bb][et_pb_code _builder_version=\u00bb4.27.2&#8243; _module_preset=\u00bbdefault\u00bb text_orientation=\u00bbcenter\u00bb global_colors_info=\u00bb{}\u00bb]<iframe loading=\"lazy\" src=\"https:\/\/docs.google.com\/forms\/d\/e\/1FAIpQLSdN6FizDu0Vf5q8NWUeKCdq8bzPJyrtn3kKT_DzRR7EXqmymQ\/viewform?embedded=true\" width=\"640\" height=\"1677\" frameborder=\"0\" marginheight=\"0\" marginwidth=\"0\">Loading\u2026<\/iframe>[\/et_pb_code][\/et_pb_column][\/et_pb_row][\/et_pb_section]<\/p>\n","protected":false},"excerpt":{"rendered":"<p>Aspiramos que este proyecto sea un espacio virtual en el que vayamos constituy\u00e9ndonos como comunidad a nivel nacional, apoy\u00e1ndonos mutuamente y dando a conocer nuestras actividades, proyectos y necesidades.Hacemos un llamado e invitamos a todas las organizaciones de usuarios y usuarias PRAIS a nivel nacional y tambi\u00e9n directamente a los y las compa\u00f1eros(as) usuarios(as) que [&hellip;]<\/p>\n","protected":false},"author":1,"featured_media":73,"parent":0,"menu_order":0,"comment_status":"closed","ping_status":"closed","template":"","meta":{"_et_pb_use_builder":"on","_et_pb_old_content":"<!-- wp:divi\/placeholder \/-->","_et_gb_content_width":"","footnotes":""},"class_list":["post-31","page","type-page","status-publish","has-post-thumbnail","hentry"],"_links":{"self":[{"href":"https:\/\/comunidadprais.cl\/index.php?rest_route=\/wp\/v2\/pages\/31","targetHints":{"allow":["GET"]}}],"collection":[{"href":"https:\/\/comunidadprais.cl\/index.php?rest_route=\/wp\/v2\/pages"}],"about":[{"href":"https:\/\/comunidadprais.cl\/index.php?rest_route=\/wp\/v2\/types\/page"}],"author":[{"embeddable":true,"href":"https:\/\/comunidadprais.cl\/index.php?rest_route=\/wp\/v2\/users\/1"}],"replies":[{"embeddable":true,"href":"https:\/\/comunidadprais.cl\/index.php?rest_route=%2Fwp%2Fv2%2Fcomments&post=31"}],"version-history":[{"count":27,"href":"https:\/\/comunidadprais.cl\/index.php?rest_route=\/wp\/v2\/pages\/31\/revisions"}],"predecessor-version":[{"id":111,"href":"https:\/\/comunidadprais.cl\/index.php?rest_route=\/wp\/v2\/pages\/31\/revisions\/111"}],"wp:featuredmedia":[{"embeddable":true,"href":"https:\/\/comunidadprais.cl\/index.php?rest_route=\/wp\/v2\/media\/73"}],"wp:attachment":[{"href":"https:\/\/comunidadprais.cl\/index.php?rest_route=%2Fwp%2Fv2%2Fmedia&parent=31"}],"curies":[{"name":"wp","href":"https:\/\/api.w.org\/{rel}","templated":true}]}}